{"id":1170,"date":"2024-09-22T20:04:00","date_gmt":"2024-09-22T20:04:00","guid":{"rendered":"https:\/\/gebrauchtdrucker24.de\/?post_type=product&#038;p=1170"},"modified":"2025-05-10T11:36:10","modified_gmt":"2025-05-10T11:36:10","slug":"sp-3600dn","status":"publish","type":"product","link":"https:\/\/gebrauchtdrucker24.de\/de\/product\/sp-3600dn\/","title":{"rendered":"Drucker Aficio RICOH SP 3600DN"},"content":{"rendered":"<table style=\"font-size: 16px;\">\n<thead>\n<tr>\n<th><strong>Kategorie<\/strong><\/th>\n<th><strong>Eigenschaft<\/strong><\/th>\n<\/tr>\n<\/thead>\n<tbody>\n<tr>\n<td><strong>Hersteller<\/strong><\/td>\n<td>Ricoh<\/td>\n<\/tr>\n<tr>\n<td><strong>Herstellernummer<\/strong><\/td>\n<td>407315<\/td>\n<\/tr>\n<tr>\n<td><strong>Produktbeschreibung<\/strong><\/td>\n<td>Ricoh SP 3600DN &#8211; Drucker &#8211; monochrom &#8211; LED<\/td>\n<\/tr>\n<tr>\n<td><strong>Druckertyp<\/strong><\/td>\n<td>Arbeitsgruppendrucker &#8211; LED &#8211; monochrom<\/td>\n<\/tr>\n<tr>\n<td><strong>Gewicht<\/strong><\/td>\n<td>14,5 kg<\/td>\n<\/tr>\n<tr>\n<td><strong>Maximale Mediengr\u00f6\u00dfe<\/strong><\/td>\n<td>A4 (210 x 297 mm)<\/td>\n<\/tr>\n<tr>\n<td><strong>Druckgeschwindigkeit<\/strong><\/td>\n<td>Bis zu 30 Seiten\/Minute &#8211; s\/w &#8211; A4<\/td>\n<\/tr>\n<tr>\n<td><strong>Maximale Aufl\u00f6sung (S\/W)<\/strong><\/td>\n<td>1200 x 1200 dpi<\/td>\n<\/tr>\n<tr>\n<td><strong>Automatisches Duplexing<\/strong><\/td>\n<td>Ja<\/td>\n<\/tr>\n<tr>\n<td><strong>Schnittstellen<\/strong><\/td>\n<td>USB 2.0, LAN<\/td>\n<\/tr>\n<tr>\n<td><strong>Prozessor<\/strong><\/td>\n<td>500 MHz<\/td>\n<\/tr>\n<tr>\n<td><strong>Installierter RAM<\/strong><\/td>\n<td>256 MB (max. 256 MB)<\/td>\n<\/tr>\n<tr>\n<td><strong>Druckersprachen<\/strong><\/td>\n<td>PCL 5E, PostScript 3, PCL 6<\/td>\n<\/tr>\n<tr>\n<td><strong>Medientyp<\/strong><\/td>\n<td>Normalpapier, Briefumschl\u00e4ge, Transparentfolien, usw.<\/td>\n<\/tr>\n<tr>\n<td><strong>Gesamte Medienkapazit\u00e4t<\/strong><\/td>\n<td>250 Bl\u00e4tter<\/td>\n<\/tr>\n<tr>\n<td><strong>Monatliche Kapazit\u00e4t (max.)<\/strong><\/td>\n<td>50000 Seiten<\/td>\n<\/tr>\n<tr>\n<td><strong>Stromversorgung<\/strong><\/td>\n<td>Wechselstrom 230 V<\/td>\n<\/tr>\n<tr>\n<td><strong>Abmessungen (B x T x H)<\/strong><\/td>\n<td>37 cm x 39,2 cm x 26,8 cm<\/td>\n<\/tr>\n<\/tbody>\n<\/table>\n<p>&nbsp;<\/p>\n<p>Der <strong>Drucker Aficio RICOH SP 3600dn<\/strong> ist ein kompakter und leistungsstarker Schwarz-Wei\u00df-Drucker, der sich hervorragend f\u00fcr kleine und mittelgro\u00dfe Unternehmen eignet. Mit einer Druckgeschwindigkeit von bis zu 30 Seiten pro Minute und der praktischen Duplex-Funktion (automatischer beidseitiger Druck) bietet dieser Drucker sowohl Effizienz als auch hohe Qualit\u00e4t bei jedem Druckauftrag. Der Aficio RICOH SP 3600dn eignet sich ideal f\u00fcr Unternehmen, die eine schnelle und zuverl\u00e4ssige Druckl\u00f6sung f\u00fcr den t\u00e4glichen Bedarf ben\u00f6tigen.<\/p>\n<p>Das Modell <strong>gebraucht<\/strong> zu kaufen, bedeutet, dass Sie ein hochwertiges Ger\u00e4t zu einem attraktiven Preis erhalten. Durch den Kauf eines <strong>refurbished Druckers<\/strong> profitieren Sie nicht nur von einer kosteng\u00fcnstigen L\u00f6sung, sondern auch von einer umweltfreundlichen Alternative zu Neuger\u00e4ten. Der <strong>Drucker Aficio RICOH SP 3600dn gebraucht<\/strong> ist eine hervorragende Wahl f\u00fcr Unternehmen in Winnenden und Baden-W\u00fcrttemberg, die auf der Suche nach einem schnellen, zuverl\u00e4ssigen und kosteng\u00fcnstigen Drucker sind.<\/p>\n","protected":false},"excerpt":{"rendered":"<p>Zwischenverkauf vorbehalten<\/p>\n","protected":false},"featured_media":1785,"template":"","meta":{"rank_math_lock_modified_date":false},"product_cat":[42,40],"product_tag":[],"class_list":{"0":"post-1170","1":"product","2":"type-product","3":"status-publish","4":"has-post-thumbnail","6":"product_cat-desktopdrucker-schwarz-weis","7":"product_cat-desktop-drucker","8":"product_shipping_class-versandkategorie-2","10":"first","11":"instock","12":"taxable","13":"shipping-taxable","14":"purchasable","15":"product-type-simple"},"_links":{"self":[{"href":"https:\/\/gebrauchtdrucker24.de\/de\/wp-json\/wp\/v2\/product\/1170","targetHints":{"allow":["GET"]}}],"collection":[{"href":"https:\/\/gebrauchtdrucker24.de\/de\/wp-json\/wp\/v2\/product"}],"about":[{"href":"https:\/\/gebrauchtdrucker24.de\/de\/wp-json\/wp\/v2\/types\/product"}],"version-history":[{"count":7,"href":"https:\/\/gebrauchtdrucker24.de\/de\/wp-json\/wp\/v2\/product\/1170\/revisions"}],"predecessor-version":[{"id":2518,"href":"https:\/\/gebrauchtdrucker24.de\/de\/wp-json\/wp\/v2\/product\/1170\/revisions\/2518"}],"wp:featuredmedia":[{"embeddable":true,"href":"https:\/\/gebrauchtdrucker24.de\/de\/wp-json\/wp\/v2\/media\/1785"}],"wp:attachment":[{"href":"https:\/\/gebrauchtdrucker24.de\/de\/wp-json\/wp\/v2\/media?parent=1170"}],"wp:term":[{"taxonomy":"product_cat","embeddable":true,"href":"https:\/\/gebrauchtdrucker24.de\/de\/wp-json\/wp\/v2\/product_cat?post=1170"},{"taxonomy":"product_tag","embeddable":true,"href":"https:\/\/gebrauchtdrucker24.de\/de\/wp-json\/wp\/v2\/product_tag?post=1170"}],"curies":[{"name":"wp","href":"https:\/\/api.w.org\/{rel}","templated":true}]}}