{"id":1173,"date":"2024-09-22T20:06:38","date_gmt":"2024-09-22T20:06:38","guid":{"rendered":"https:\/\/gebrauchtdrucker24.de\/?post_type=product&#038;p=1173"},"modified":"2025-05-10T11:34:56","modified_gmt":"2025-05-10T11:34:56","slug":"drucker-ricoh-sp-4520dn","status":"publish","type":"product","link":"https:\/\/gebrauchtdrucker24.de\/de\/product\/drucker-ricoh-sp-4520dn\/","title":{"rendered":"Drucker RICOH SP 4520dn"},"content":{"rendered":"<table id=\"product-attribute-specs-table\" class=\"data table additional-attributes\">\n<tbody>\n<tr>\n<th class=\"col label\" scope=\"row\">Hersteller:<\/th>\n<td class=\"col data\" data-th=\"Manufacturer:\">Ricoh<\/td>\n<\/tr>\n<tr>\n<th class=\"col label\" scope=\"row\">Spitzenauslastung in S.\/Monat:<\/th>\n<td class=\"col data\" data-th=\"Spitzenauslastung in S.\/Monat:\">150.000<\/td>\n<\/tr>\n<tr>\n<th class=\"col label\" scope=\"row\">Druckmethode:<\/th>\n<td class=\"col data\" data-th=\"Druckmethode:\">Laserdruck<\/td>\n<\/tr>\n<tr>\n<th class=\"col label\" scope=\"row\">Druckaufl\u00f6sung in dpi:<\/th>\n<td class=\"col data\" data-th=\"Druckaufl\u00f6sung in dpi:\">1200 x 1200<\/td>\n<\/tr>\n<tr>\n<th class=\"col label\" scope=\"row\">Druck- \/ Kopiergeschwindigkeit S\/W A4 in S.\/Min.:<\/th>\n<td class=\"col data\" data-th=\"Druck- \/ Kopiergeschwindigkeit S\/W A4 in S.\/Min.:\">40<\/td>\n<\/tr>\n<tr>\n<th class=\"col label\" scope=\"row\">Medienformate:<\/th>\n<td class=\"col data\" data-th=\"Medienformate:\">A5, A4<\/td>\n<\/tr>\n<tr>\n<th class=\"col label\" scope=\"row\">Papiergewicht minimal in gqm:<\/th>\n<td class=\"col data\" data-th=\"Papiergewicht minimal in gqm:\">52<\/td>\n<\/tr>\n<tr>\n<th class=\"col label\" scope=\"row\">Papiergewicht maximal in gqm:<\/th>\n<td class=\"col data\" data-th=\"Papiergewicht maximal in gqm:\">162<\/td>\n<\/tr>\n<tr>\n<th class=\"col label\" scope=\"row\">Speicher:<\/th>\n<td class=\"col data\" data-th=\"Speicher:\">512 MB<\/td>\n<\/tr>\n<tr>\n<th class=\"col label\" scope=\"row\">Speicher erweiterbar auf:<\/th>\n<td class=\"col data\" data-th=\"Speicher erweiterbar auf:\">1.024 MB<\/td>\n<\/tr>\n<tr>\n<th class=\"col label\" scope=\"row\">Funktionen:<\/th>\n<td class=\"col data\" data-th=\"Funktionen:\">Druck, Duplexdruck<\/td>\n<\/tr>\n<tr>\n<th class=\"col label\" scope=\"row\">Schnittstellen:<\/th>\n<td class=\"col data\" data-th=\"Schnittstellen:\">Netzwerk (LAN), USB<\/td>\n<\/tr>\n<tr>\n<th class=\"col label\" scope=\"row\">Z\u00e4hlerstand:<\/th>\n<td class=\"col data\" data-th=\"Z\u00e4hlerstand:\">unter 17.000 Seiten<\/td>\n<\/tr>\n<tr>\n<th class=\"col label\" scope=\"row\">internal page counter: under<\/th>\n<td class=\"col data\" data-th=\"internal page counter: under\">17,000 pages<\/td>\n<\/tr>\n<tr>\n<th class=\"col label\" scope=\"row\">Abmessungen<\/th>\n<td class=\"col data\" data-th=\"Tonerstand:\">370\/392\/306 , 14 kg<\/td>\n<\/tr>\n<tr>\n<th class=\"col label\" scope=\"row\">Farbe:<\/th>\n<td class=\"col data\" data-th=\"Farbe:\">Schwarz \/ Black<\/td>\n<\/tr>\n<\/tbody>\n<\/table>\n<p>&nbsp;<\/p>\n<p>Der <strong>Drucker RICOH SP 4520dn<\/strong> ist eine leistungsstarke und kosteneffiziente Druckl\u00f6sung, die sich hervorragend f\u00fcr Unternehmen eignet, die eine hohe Druckgeschwindigkeit und hervorragende Druckqualit\u00e4t ben\u00f6tigen. Mit einer beeindruckenden Druckgeschwindigkeit von bis zu 40 Seiten pro Minute und der praktischen Duplex-Druckfunktion (beidseitiger Druck) bietet der SP 4520dn maximale Effizienz. Er ist ideal f\u00fcr Unternehmen, die gro\u00dfe Druckvolumen bew\u00e4ltigen m\u00fcssen und dabei eine kosteneffiziente L\u00f6sung suchen.<\/p>\n<p>Der <strong>Drucker RICOH SP 4520dn gebraucht<\/strong> ist nicht nur g\u00fcnstiger als ein Neuger\u00e4t, sondern auch eine umweltfreundliche Wahl. Perfekt geeignet f\u00fcr B\u00fcros in Winnenden und ganz Baden-W\u00fcrttemberg, bietet dieser Drucker eine exzellente Kombination aus Leistung, Zuverl\u00e4ssigkeit und niedrigen Betriebskosten.<\/p>\n","protected":false},"excerpt":{"rendered":"<p>Zwischenverkauf vorbehalten<\/p>\n","protected":false},"featured_media":53,"template":"","meta":{"rank_math_lock_modified_date":false},"product_cat":[42,40],"product_tag":[],"class_list":{"0":"post-1173","1":"product","2":"type-product","3":"status-publish","4":"has-post-thumbnail","6":"product_cat-desktopdrucker-schwarz-weis","7":"product_cat-desktop-drucker","8":"product_shipping_class-versandkategorie-2","10":"first","11":"instock","12":"taxable","13":"shipping-taxable","14":"purchasable","15":"product-type-simple"},"_links":{"self":[{"href":"https:\/\/gebrauchtdrucker24.de\/de\/wp-json\/wp\/v2\/product\/1173","targetHints":{"allow":["GET"]}}],"collection":[{"href":"https:\/\/gebrauchtdrucker24.de\/de\/wp-json\/wp\/v2\/product"}],"about":[{"href":"https:\/\/gebrauchtdrucker24.de\/de\/wp-json\/wp\/v2\/types\/product"}],"version-history":[{"count":8,"href":"https:\/\/gebrauchtdrucker24.de\/de\/wp-json\/wp\/v2\/product\/1173\/revisions"}],"predecessor-version":[{"id":2585,"href":"https:\/\/gebrauchtdrucker24.de\/de\/wp-json\/wp\/v2\/product\/1173\/revisions\/2585"}],"wp:featuredmedia":[{"embeddable":true,"href":"https:\/\/gebrauchtdrucker24.de\/de\/wp-json\/wp\/v2\/media\/53"}],"wp:attachment":[{"href":"https:\/\/gebrauchtdrucker24.de\/de\/wp-json\/wp\/v2\/media?parent=1173"}],"wp:term":[{"taxonomy":"product_cat","embeddable":true,"href":"https:\/\/gebrauchtdrucker24.de\/de\/wp-json\/wp\/v2\/product_cat?post=1173"},{"taxonomy":"product_tag","embeddable":true,"href":"https:\/\/gebrauchtdrucker24.de\/de\/wp-json\/wp\/v2\/product_tag?post=1173"}],"curies":[{"name":"wp","href":"https:\/\/api.w.org\/{rel}","templated":true}]}}