{"id":1244,"date":"2024-09-29T16:11:14","date_gmt":"2024-09-29T16:11:14","guid":{"rendered":"https:\/\/gebrauchtdrucker24.de\/?post_type=product&#038;p=1244"},"modified":"2025-05-10T11:59:35","modified_gmt":"2025-05-10T11:59:35","slug":"original-ricoh-fusing-unit-sp-c430dn","status":"publish","type":"product","link":"https:\/\/gebrauchtdrucker24.de\/de\/product\/original-ricoh-fusing-unit-sp-c430dn\/","title":{"rendered":"Original RICOH Fusing Unit SP C430dn"},"content":{"rendered":"<p><strong>Original <\/strong><span style=\"color: #ff0000;\"><strong>RICOH<\/strong> <\/span>Fusing Unit f\u00fcr ca. 120.000 Seiten<br \/>\nDie Heizung ist im unge\u00f6ffnetem Originalkarton vepackt<\/p>\n<p>&nbsp;<\/p>\n<p>Passt zu <span style=\"color: #ff0000;\"><strong>RICOH<\/strong> <\/span>SP C430dn\u00a0 und <span style=\"color: #ff0000;\"><strong>RICOH<\/strong> <\/span>SP C431dn<\/p>\n<p>&nbsp;<\/p>\n<p>Die <strong>Original RICOH Fusing Unit SP C430dn<\/strong> ist ein hochwertiges Ersatzteil, das speziell f\u00fcr die Modelle RICOH SP C430dn und SP C431dn entwickelt wurde. Diese Fusing-Unit hat eine Lebensdauer von etwa 120.000 Seiten und ist ideal, um die Druckleistung und Qualit\u00e4t Ihrer Ger\u00e4te zu maximieren. Das Produkt wird im unge\u00f6ffneten Originalkarton geliefert und garantiert zuverl\u00e4ssige Ergebnisse. Mit dieser Einheit k\u00f6nnen Sie die Lebensdauer Ihrer Drucker verl\u00e4ngern und f\u00fcr konstante Druckqualit\u00e4t sorgen.<\/p>\n","protected":false},"excerpt":{"rendered":"<p><strong>Original <\/strong><span style=\"color: #ff0000;\"><strong>RICOH<\/strong> <\/span>Fusing Unit<\/p>\n","protected":false},"featured_media":1209,"template":"","meta":{"rank_math_lock_modified_date":false},"product_cat":[47],"product_tag":[],"class_list":{"0":"post-1244","1":"product","2":"type-product","3":"status-publish","4":"has-post-thumbnail","6":"product_cat-ersatzteile","7":"product_shipping_class-versandkategorie-1","9":"first","10":"instock","11":"sale","12":"taxable","13":"shipping-taxable","14":"purchasable","15":"product-type-simple"},"_links":{"self":[{"href":"https:\/\/gebrauchtdrucker24.de\/de\/wp-json\/wp\/v2\/product\/1244","targetHints":{"allow":["GET"]}}],"collection":[{"href":"https:\/\/gebrauchtdrucker24.de\/de\/wp-json\/wp\/v2\/product"}],"about":[{"href":"https:\/\/gebrauchtdrucker24.de\/de\/wp-json\/wp\/v2\/types\/product"}],"version-history":[{"count":6,"href":"https:\/\/gebrauchtdrucker24.de\/de\/wp-json\/wp\/v2\/product\/1244\/revisions"}],"predecessor-version":[{"id":2186,"href":"https:\/\/gebrauchtdrucker24.de\/de\/wp-json\/wp\/v2\/product\/1244\/revisions\/2186"}],"wp:featuredmedia":[{"embeddable":true,"href":"https:\/\/gebrauchtdrucker24.de\/de\/wp-json\/wp\/v2\/media\/1209"}],"wp:attachment":[{"href":"https:\/\/gebrauchtdrucker24.de\/de\/wp-json\/wp\/v2\/media?parent=1244"}],"wp:term":[{"taxonomy":"product_cat","embeddable":true,"href":"https:\/\/gebrauchtdrucker24.de\/de\/wp-json\/wp\/v2\/product_cat?post=1244"},{"taxonomy":"product_tag","embeddable":true,"href":"https:\/\/gebrauchtdrucker24.de\/de\/wp-json\/wp\/v2\/product_tag?post=1244"}],"curies":[{"name":"wp","href":"https:\/\/api.w.org\/{rel}","templated":true}]}}