{"id":1748,"date":"2024-10-24T10:14:23","date_gmt":"2024-10-24T10:14:23","guid":{"rendered":"https:\/\/gebrauchtdrucker24.de\/?post_type=product&#038;p=1748"},"modified":"2025-05-10T11:00:50","modified_gmt":"2025-05-10T11:00:50","slug":"drucker-ricoh-p-501dn","status":"publish","type":"product","link":"https:\/\/gebrauchtdrucker24.de\/de\/product\/drucker-ricoh-p-501dn\/","title":{"rendered":"Drucker RICOH P 501dn"},"content":{"rendered":"<table>\n<thead>\n<tr>\n<th>Hauptmerkmale<\/th>\n<th>Produktbeschreibung<\/th>\n<\/tr>\n<\/thead>\n<tbody>\n<tr>\n<td><strong>Drucker<\/strong><\/td>\n<td>Ricoh P 501 &#8211; Drucker &#8211; s\/w &#8211; LED<\/td>\n<\/tr>\n<tr>\n<td><strong>Druckertyp<\/strong><\/td>\n<td>Arbeitsgruppendrucker &#8211; LED &#8211; s\/w<\/td>\n<\/tr>\n<tr>\n<td><strong>Gewicht<\/strong><\/td>\n<td>19.3 kg<\/td>\n<\/tr>\n<tr>\n<td><strong>Mediengr\u00f6\u00dfenklasse<\/strong><\/td>\n<td>A4<\/td>\n<\/tr>\n<tr>\n<td><strong>Max. Mediengr\u00f6\u00dfe<\/strong><\/td>\n<td>A4 (210 x 297 mm)<\/td>\n<\/tr>\n<tr>\n<td><strong>Druckgeschwindigkeit<\/strong><\/td>\n<td>Bis zu 43 Seiten\/Min. &#8211; s\/w &#8211; A4 (210 x 297 mm)<\/td>\n<\/tr>\n<tr>\n<td><strong>Max. Aufl\u00f6sung (S\/W)<\/strong><\/td>\n<td>1200 x 1200 dpi<\/td>\n<\/tr>\n<tr>\n<td><strong>Automatisch beidseitig<\/strong><\/td>\n<td>Ja<\/td>\n<\/tr>\n<tr>\n<td><strong>Schnittstelle<\/strong><\/td>\n<td>USB 2.0, Gigabit LAN, USB 2.0-Host<\/td>\n<\/tr>\n<tr>\n<td><strong>AirPrint-f\u00e4hig<\/strong><\/td>\n<td>Ja<\/td>\n<\/tr>\n<tr>\n<td><strong>Prozessor<\/strong><\/td>\n<td>1.3 GHz<\/td>\n<\/tr>\n<tr>\n<td><strong>RAM Installiert (Max.)<\/strong><\/td>\n<td>2 GB (2 GB)<\/td>\n<\/tr>\n<tr>\n<td><strong>Druckersprache<\/strong><\/td>\n<td>PCL 5E, PCL 6<\/td>\n<\/tr>\n<tr>\n<td><strong>Medientyp<\/strong><\/td>\n<td>Briefumschl\u00e4ge, Normalpapier, Recycling-Papier, Etikettenpapier, Vordruck, Briefkopfpapier, farbiges Papier<\/td>\n<\/tr>\n<tr>\n<td><strong>Gesamte Medienkapazit\u00e4t<\/strong><\/td>\n<td>600 Bl\u00e4tter<\/td>\n<\/tr>\n<tr>\n<td><strong>Medienhandhabung<\/strong><\/td>\n<td>500-Blatt-Zuf\u00fchrung, Bypass-Fach f\u00fcr 100 Bl\u00e4tter<\/td>\n<\/tr>\n<tr>\n<td><strong>Netzwerk<\/strong><\/td>\n<td>Druckserver<\/td>\n<\/tr>\n<tr>\n<td><strong>Stromversorgung<\/strong><\/td>\n<td>AC 220 &#8211; 240 V<\/td>\n<\/tr>\n<tr>\n<td><strong>Systemanforderungen<\/strong><\/td>\n<td>SCO OpenServer, UNIX, IBM AIX, SunSoft Solaris, HP-UX, Red Hat Linux, Microsoft Windows Server 2008 R2, Microsoft Windows Server 2008, Microsoft Windows Server 2012, Microsoft Windows Server 2012 R2, Microsoft Windows Server 2016, Apple MacOS X 10.10 oder h\u00f6her, Microsoft Windows 7 \/ 8.1 \/ 10<\/td>\n<\/tr>\n<tr>\n<td><strong>Abmessungen (Breite x Tiefe x H\u00f6he)<\/strong><\/td>\n<td>37.5 cm x 39.2 cm x 30.1 cm<\/td>\n<\/tr>\n<\/tbody>\n<\/table>\n<p>&nbsp;<\/p>\n<p>Der <strong>Drucker RICOH P 501DN<\/strong> ist ein effizienter Schwarz-Wei\u00df-LED-Drucker f\u00fcr Arbeitsgruppen. Mit einer Druckgeschwindigkeit von 43 Seiten pro Minute und einer Aufl\u00f6sung von 1200 x 1200 dpi bietet er professionelle Ergebnisse. Dank automatischem Duplexdruck, einem Papierfach f\u00fcr 600 Blatt und vielseitigen Medienoptionen ist er ideal f\u00fcr B\u00fcroumgebungen. Der Drucker unterst\u00fctzt AirPrint und bietet umfassende Anschlussm\u00f6glichkeiten wie USB und Gigabit LAN.<\/p>\n<div>Verf\u00fcgbar in Winnenden, Stuttgart und Baden-W\u00fcrttemberg.<\/div>\n","protected":false},"excerpt":{"rendered":"<p>Zwischenverkauf vorbehalten<\/p>\n","protected":false},"featured_media":1756,"template":"","meta":{"rank_math_lock_modified_date":false},"product_cat":[42,40],"product_tag":[],"class_list":{"0":"post-1748","1":"product","2":"type-product","3":"status-publish","4":"has-post-thumbnail","6":"product_cat-desktopdrucker-schwarz-weis","7":"product_cat-desktop-drucker","8":"product_shipping_class-versandkategorie-2","10":"first","11":"instock","12":"taxable","13":"shipping-taxable","14":"purchasable","15":"product-type-simple"},"_links":{"self":[{"href":"https:\/\/gebrauchtdrucker24.de\/de\/wp-json\/wp\/v2\/product\/1748","targetHints":{"allow":["GET"]}}],"collection":[{"href":"https:\/\/gebrauchtdrucker24.de\/de\/wp-json\/wp\/v2\/product"}],"about":[{"href":"https:\/\/gebrauchtdrucker24.de\/de\/wp-json\/wp\/v2\/types\/product"}],"version-history":[{"count":6,"href":"https:\/\/gebrauchtdrucker24.de\/de\/wp-json\/wp\/v2\/product\/1748\/revisions"}],"predecessor-version":[{"id":2583,"href":"https:\/\/gebrauchtdrucker24.de\/de\/wp-json\/wp\/v2\/product\/1748\/revisions\/2583"}],"wp:featuredmedia":[{"embeddable":true,"href":"https:\/\/gebrauchtdrucker24.de\/de\/wp-json\/wp\/v2\/media\/1756"}],"wp:attachment":[{"href":"https:\/\/gebrauchtdrucker24.de\/de\/wp-json\/wp\/v2\/media?parent=1748"}],"wp:term":[{"taxonomy":"product_cat","embeddable":true,"href":"https:\/\/gebrauchtdrucker24.de\/de\/wp-json\/wp\/v2\/product_cat?post=1748"},{"taxonomy":"product_tag","embeddable":true,"href":"https:\/\/gebrauchtdrucker24.de\/de\/wp-json\/wp\/v2\/product_tag?post=1748"}],"curies":[{"name":"wp","href":"https:\/\/api.w.org\/{rel}","templated":true}]}}