{"id":1762,"date":"2024-10-26T09:36:47","date_gmt":"2024-10-26T09:36:47","guid":{"rendered":"https:\/\/gebrauchtdrucker24.de\/?post_type=product&#038;p=1762"},"modified":"2025-05-10T10:53:36","modified_gmt":"2025-05-10T10:53:36","slug":"drucker-ricoh-sp-4510dn","status":"publish","type":"product","link":"https:\/\/gebrauchtdrucker24.de\/de\/product\/drucker-ricoh-sp-4510dn\/","title":{"rendered":"Drucker RICOH SP 4510dn"},"content":{"rendered":"<table>\n<thead>\n<tr>\n<th><strong>Kategorie<\/strong><\/th>\n<th><strong>Details<\/strong><\/th>\n<\/tr>\n<\/thead>\n<tbody>\n<tr>\n<td><strong>Hersteller<\/strong><\/td>\n<td>Ricoh<\/td>\n<\/tr>\n<tr>\n<td><strong>Herst. Art. Nr.<\/strong><\/td>\n<td>906304<\/td>\n<\/tr>\n<tr>\n<td><strong>EAN<\/strong><\/td>\n<td>4961311885280<\/td>\n<\/tr>\n<tr>\n<td><strong>Produktbeschreibung<\/strong><\/td>\n<td>Ricoh SP 4510DN &#8211; Drucker &#8211; monochrom &#8211; LED<\/td>\n<\/tr>\n<tr>\n<td><strong>Druckertyp<\/strong><\/td>\n<td>Arbeitsgruppendrucker &#8211; LED &#8211; monochrom<\/td>\n<\/tr>\n<tr>\n<td><strong>Gewicht<\/strong><\/td>\n<td>14 kg<\/td>\n<\/tr>\n<tr>\n<td><strong>Mediengr\u00f6\u00dfenklasse<\/strong><\/td>\n<td>A4<\/td>\n<\/tr>\n<tr>\n<td><strong>Max. Mediengr\u00f6\u00dfe<\/strong><\/td>\n<td>A4 (210 x 297 mm)<\/td>\n<\/tr>\n<tr>\n<td><strong>Druckgeschwindigkeit<\/strong><\/td>\n<td>Bis zu 40 Seiten\/Min. &#8211; s\/w &#8211; A4<\/td>\n<\/tr>\n<tr>\n<td><strong>Max. Aufl\u00f6sung (S\/W)<\/strong><\/td>\n<td>1200 x 1200 dpi<\/td>\n<\/tr>\n<tr>\n<td><strong>Automatisches Duplexing<\/strong><\/td>\n<td>Ja<\/td>\n<\/tr>\n<tr>\n<td><strong>Schnittstelle<\/strong><\/td>\n<td>USB 2.0, Gigabit LAN, USB 2.0-Host<\/td>\n<\/tr>\n<tr>\n<td><strong>RAM Installiert (Max.)<\/strong><\/td>\n<td>512 MB (max. 1536 MB)<\/td>\n<\/tr>\n<tr>\n<td><strong>Druckersprache<\/strong><\/td>\n<td>PCL 5E, PostScript 3, PCL 6, PDF<\/td>\n<\/tr>\n<tr>\n<td><strong>Medientyp<\/strong><\/td>\n<td>Normalpapier, Recycling-Papier, dickes\/d\u00fcnnes Papier, Vordruck<\/td>\n<\/tr>\n<tr>\n<td><strong>Gesamte Medienkapazit\u00e4t<\/strong><\/td>\n<td>250 Bl\u00e4tter<\/td>\n<\/tr>\n<tr>\n<td><strong>Monatliche Kapazit\u00e4t (max.)<\/strong><\/td>\n<td>150000 Seiten<\/td>\n<\/tr>\n<tr>\n<td><strong>Druckserver<\/strong><\/td>\n<td>Ja<\/td>\n<\/tr>\n<tr>\n<td><strong>Stromversorgung<\/strong><\/td>\n<td>Wechselstrom 230 V<\/td>\n<\/tr>\n<tr>\n<td><strong>Systemanforderungen<\/strong><\/td>\n<td>Windows Server 2003\/2008, MacOS X 10.5 oder h\u00f6her, Windows Vista\/XP\/7\/8\/8.1<\/td>\n<\/tr>\n<tr>\n<td><strong>Microsoft Zertifizierung<\/strong><\/td>\n<td>Compatible with Windows 7<\/td>\n<\/tr>\n<tr>\n<td><strong>Abmessungen (BxTxH)<\/strong><\/td>\n<td>37 cm x 39.2 cm x 30.6 cm<\/td>\n<\/tr>\n<\/tbody>\n<\/table>\n<p>&nbsp;<\/p>\n<p>Der <strong>Drucker RICOH SP 4510DN<\/strong> ist ein zuverl\u00e4ssiger, kompakter Schwarz-Wei\u00df-LED-Drucker f\u00fcr Arbeitsgruppen. Mit einer Druckgeschwindigkeit von bis zu 40 Seiten pro Minute, einer Aufl\u00f6sung von 1200 x 1200 dpi und automatischem Duplexdruck erf\u00fcllt er hohe Anforderungen an Produktivit\u00e4t und Effizienz. Dank seiner vielseitigen Medienverarbeitung, umfangreichen Anschlussm\u00f6glichkeiten (USB, Gigabit LAN) und einer monatlichen Kapazit\u00e4t von bis zu 150.000 Seiten ist er die ideale Wahl f\u00fcr B\u00fcroumgebungen. Ger\u00e4t bietet eine kosteneffiziente und umweltfreundliche Alternative.<\/p>\n<div>Verf\u00fcgbar in Winnenden, Stuttgart und ganz Baden-W\u00fcrttemberg.<\/div>\n","protected":false},"excerpt":{"rendered":"<p>Zwischenverkauf vorbehalten<\/p>\n","protected":false},"featured_media":2441,"template":"","meta":{"rank_math_lock_modified_date":false},"product_cat":[42,40],"product_tag":[],"class_list":{"0":"post-1762","1":"product","2":"type-product","3":"status-publish","4":"has-post-thumbnail","6":"product_cat-desktopdrucker-schwarz-weis","7":"product_cat-desktop-drucker","8":"product_shipping_class-versandkategorie-2","10":"first","11":"instock","12":"taxable","13":"shipping-taxable","14":"purchasable","15":"product-type-simple"},"_links":{"self":[{"href":"https:\/\/gebrauchtdrucker24.de\/de\/wp-json\/wp\/v2\/product\/1762","targetHints":{"allow":["GET"]}}],"collection":[{"href":"https:\/\/gebrauchtdrucker24.de\/de\/wp-json\/wp\/v2\/product"}],"about":[{"href":"https:\/\/gebrauchtdrucker24.de\/de\/wp-json\/wp\/v2\/types\/product"}],"version-history":[{"count":5,"href":"https:\/\/gebrauchtdrucker24.de\/de\/wp-json\/wp\/v2\/product\/1762\/revisions"}],"predecessor-version":[{"id":2564,"href":"https:\/\/gebrauchtdrucker24.de\/de\/wp-json\/wp\/v2\/product\/1762\/revisions\/2564"}],"wp:featuredmedia":[{"embeddable":true,"href":"https:\/\/gebrauchtdrucker24.de\/de\/wp-json\/wp\/v2\/media\/2441"}],"wp:attachment":[{"href":"https:\/\/gebrauchtdrucker24.de\/de\/wp-json\/wp\/v2\/media?parent=1762"}],"wp:term":[{"taxonomy":"product_cat","embeddable":true,"href":"https:\/\/gebrauchtdrucker24.de\/de\/wp-json\/wp\/v2\/product_cat?post=1762"},{"taxonomy":"product_tag","embeddable":true,"href":"https:\/\/gebrauchtdrucker24.de\/de\/wp-json\/wp\/v2\/product_tag?post=1762"}],"curies":[{"name":"wp","href":"https:\/\/api.w.org\/{rel}","templated":true}]}}