{"id":1778,"date":"2024-10-26T10:52:39","date_gmt":"2024-10-26T10:52:39","guid":{"rendered":"https:\/\/gebrauchtdrucker24.de\/?post_type=product&#038;p=1778"},"modified":"2025-05-23T08:14:32","modified_gmt":"2025-05-23T08:14:32","slug":"mfp-schwarz-weiss-drucker-ricoh-mp-7503-sp","status":"publish","type":"product","link":"https:\/\/gebrauchtdrucker24.de\/de\/product\/mfp-schwarz-weiss-drucker-ricoh-mp-7503-sp\/","title":{"rendered":"MFP Schwarz-Wei\u00df Drucker RICOH MP 7503 sp"},"content":{"rendered":"<h3><\/h3>\n<table>\n<thead>\n<tr>\n<th><strong>Kategorie<\/strong><\/th>\n<th><strong>Details<\/strong><\/th>\n<\/tr>\n<\/thead>\n<tbody>\n<tr>\n<td><strong>Modellreihe<\/strong><\/td>\n<td>MP 7503<\/td>\n<\/tr>\n<tr>\n<td><strong>Hersteller<\/strong><\/td>\n<td>Ricoh<\/td>\n<\/tr>\n<tr>\n<td><strong>Herstellernummer<\/strong><\/td>\n<td>417616<\/td>\n<\/tr>\n<tr>\n<td><strong>Ger\u00e4te-Funktionen<\/strong><\/td>\n<td>MultiFunktion (3in1, kein Fax)<\/td>\n<\/tr>\n<tr>\n<td><strong>Max. Mediengr\u00f6\u00dfe<\/strong><\/td>\n<td>DIN A3<\/td>\n<\/tr>\n<tr>\n<td><strong>Druckgeschwindigkeit<\/strong><\/td>\n<td>75 Seiten\/Minute (A4, S\/W)<\/td>\n<\/tr>\n<tr>\n<td><strong>Ausgabe der 1. Seite<\/strong><\/td>\n<td>3,2 Sekunden (A4, S\/W)<\/td>\n<\/tr>\n<tr>\n<td><strong>Aufw\u00e4rmzeit<\/strong><\/td>\n<td>20 Sekunden<\/td>\n<\/tr>\n<tr>\n<td><strong>Druckaufl\u00f6sung<\/strong><\/td>\n<td>300 dpi, 600 x 600 dpi, 1200 x 1200 dpi<\/td>\n<\/tr>\n<tr>\n<td><strong>Speicher (Standard)<\/strong><\/td>\n<td>2 GB<\/td>\n<\/tr>\n<tr>\n<td><strong>Speicher (Maximal)<\/strong><\/td>\n<td>2 GB<\/td>\n<\/tr>\n<tr>\n<td><strong>Druckprozessor<\/strong><\/td>\n<td>Intel\u00ae Atom Processor BayTrail-I 1.75GHz<\/td>\n<\/tr>\n<tr>\n<td><strong>Festplatte<\/strong><\/td>\n<td>320 GB<\/td>\n<\/tr>\n<tr>\n<td><strong>Druckersprachen<\/strong><\/td>\n<td>PCL 5e, PCL 6<\/td>\n<\/tr>\n<tr>\n<td><strong>Direktdruck<\/strong><\/td>\n<td>Mopria-zertifiziert, PDF<\/td>\n<\/tr>\n<tr>\n<td><strong>Bedienfeld<\/strong><\/td>\n<td>10,1-Zoll-Touch-Bedienfeld<\/td>\n<\/tr>\n<tr>\n<td><strong>Betriebssysteme<\/strong><\/td>\n<td>Windows Vista, 7, 8, 8.1, Server 2003\/2008\/2012, Mac OS X, UNIX, LINUX<\/td>\n<\/tr>\n<tr>\n<td><strong>Schnittstellen<\/strong><\/td>\n<td>USB 2.0, Netzwerk 10\/100\/1000 MBit, SD Steckplatz<\/td>\n<\/tr>\n<tr>\n<td><strong>Zertifizierungen<\/strong><\/td>\n<td>Energy Star, PTS<\/td>\n<\/tr>\n<tr>\n<td><strong>Duplexdruck<\/strong><\/td>\n<td>Automatisch<\/td>\n<\/tr>\n<tr>\n<td><strong>Papierzufuhren (Standard)<\/strong><\/td>\n<td>4<\/td>\n<\/tr>\n<tr>\n<td><strong>Papierzuf\u00fchrungen (Maximal)<\/strong><\/td>\n<td>5<\/td>\n<\/tr>\n<tr>\n<td><strong>Papierkapazit\u00e4t (Standard)<\/strong><\/td>\n<td>4.300 Blatt<\/td>\n<\/tr>\n<tr>\n<td><strong>Papierkapazit\u00e4t (Maximal)<\/strong><\/td>\n<td>8.300 Blatt<\/td>\n<\/tr>\n<tr>\n<td><strong>Minimales Mediengewicht<\/strong><\/td>\n<td>55 g\/m\u00b2<\/td>\n<\/tr>\n<tr>\n<td><strong>Maximales Mediengewicht<\/strong><\/td>\n<td>300 g\/m\u00b2<\/td>\n<\/tr>\n<tr>\n<td><strong>Papierausgabefach<\/strong><\/td>\n<td>500 Blatt<\/td>\n<\/tr>\n<tr>\n<td><strong>Kopiergeschwindigkeit<\/strong><\/td>\n<td>75 Seiten\/Minute<\/td>\n<\/tr>\n<tr>\n<td><strong>Kopieraufl\u00f6sung<\/strong><\/td>\n<td>600 dpi<\/td>\n<\/tr>\n<tr>\n<td><strong>Scannertyp<\/strong><\/td>\n<td>Vorlagenglas, Automatischer Dokumenteneinzug<\/td>\n<\/tr>\n<tr>\n<td><strong>Scanneraufl\u00f6sung (optisch)<\/strong><\/td>\n<td>600 dpi<\/td>\n<\/tr>\n<tr>\n<td><strong>Druckvolumen (max.)<\/strong><\/td>\n<td>300000 Seiten<\/td>\n<\/tr>\n<tr>\n<td><strong>Stromverbrauch (Betrieb)<\/strong><\/td>\n<td>max. 1900 W<\/td>\n<\/tr>\n<tr>\n<td><strong>Abmessungen (BxTxH)<\/strong><\/td>\n<td>69 x 80,3 x 116,1 cm<\/td>\n<\/tr>\n<tr>\n<td><strong>Gewicht<\/strong><\/td>\n<td>200 kg<\/td>\n<\/tr>\n<tr>\n<td><strong>Lieferumfang<\/strong><\/td>\n<td>Ricoh MP 7503SP<\/td>\n<\/tr>\n<\/tbody>\n<\/table>\n<h3><\/h3>\n<p><strong>Der MFP Schwarz-Wei\u00df Drucker RICOH MP 7503 sp<\/strong> bietet herausragende Druckqualit\u00e4t und hohe Druckgeschwindigkeit. Mit einer Druckgeschwindigkeit von bis zu 75 Seiten pro Minute ist dieser Multifunktionsdrucker ideal f\u00fcr B\u00fcros mit hohem Druckvolumen. Das Ger\u00e4t unterst\u00fctzt Schwarz-Wei\u00df-Drucke und bietet Funktionen wie Duplexdruck und mobile Druckoptionen.<\/p>\n","protected":false},"excerpt":{"rendered":"<p>Zwischenverkauf vorbehalten<\/p>\n<p><strong>Hinweis:<\/strong> Dieses Produkt wiegt mehr als 30 kg. Die Versandkosten werden individuell berechnet. Wir kontaktieren Sie nach der Bestellung.<\/p>\n<p>&nbsp;<\/p>\n","protected":false},"featured_media":1779,"template":"","meta":{"rank_math_lock_modified_date":false},"product_cat":[37,39],"product_tag":[],"class_list":{"0":"post-1778","1":"product","2":"type-product","3":"status-publish","4":"has-post-thumbnail","6":"product_cat-multifunktionsdrucker","7":"product_cat-multifunktionsdrucke-schwarz-weis","8":"product_shipping_class-ab-30-kg","10":"first","11":"instock","12":"taxable","13":"shipping-taxable","14":"purchasable","15":"product-type-simple"},"_links":{"self":[{"href":"https:\/\/gebrauchtdrucker24.de\/de\/wp-json\/wp\/v2\/product\/1778","targetHints":{"allow":["GET"]}}],"collection":[{"href":"https:\/\/gebrauchtdrucker24.de\/de\/wp-json\/wp\/v2\/product"}],"about":[{"href":"https:\/\/gebrauchtdrucker24.de\/de\/wp-json\/wp\/v2\/types\/product"}],"version-history":[{"count":6,"href":"https:\/\/gebrauchtdrucker24.de\/de\/wp-json\/wp\/v2\/product\/1778\/revisions"}],"predecessor-version":[{"id":2622,"href":"https:\/\/gebrauchtdrucker24.de\/de\/wp-json\/wp\/v2\/product\/1778\/revisions\/2622"}],"wp:featuredmedia":[{"embeddable":true,"href":"https:\/\/gebrauchtdrucker24.de\/de\/wp-json\/wp\/v2\/media\/1779"}],"wp:attachment":[{"href":"https:\/\/gebrauchtdrucker24.de\/de\/wp-json\/wp\/v2\/media?parent=1778"}],"wp:term":[{"taxonomy":"product_cat","embeddable":true,"href":"https:\/\/gebrauchtdrucker24.de\/de\/wp-json\/wp\/v2\/product_cat?post=1778"},{"taxonomy":"product_tag","embeddable":true,"href":"https:\/\/gebrauchtdrucker24.de\/de\/wp-json\/wp\/v2\/product_tag?post=1778"}],"curies":[{"name":"wp","href":"https:\/\/api.w.org\/{rel}","templated":true}]}}