{"id":2644,"date":"2025-05-24T07:53:23","date_gmt":"2025-05-24T07:53:23","guid":{"rendered":"https:\/\/gebrauchtdrucker24.de\/?post_type=product&#038;p=2644"},"modified":"2025-05-24T11:33:42","modified_gmt":"2025-05-24T11:33:42","slug":"original-ricoh-mp-c5501-5000-%d1%81yan","status":"publish","type":"product","link":"https:\/\/gebrauchtdrucker24.de\/de\/product\/original-ricoh-mp-c5501-5000-%d1%81yan\/","title":{"rendered":"Original RICOH MP C5501\/5000 \u0421yan"},"content":{"rendered":"<p data-start=\"297\" data-end=\"584\">Der Original RICOH MP C5501\/5000 Cyan Toner wurde speziell f\u00fcr die Farb-Multifunktionsger\u00e4te der Serien MP C5000 und MP C5501 entwickelt. Er liefert lebendige Cyanfarben mit gestochen scharfer Detailtreue \u2013 perfekt f\u00fcr hochwertige Gesch\u00e4ftsdokumente, Pr\u00e4sentationen und Werbematerialien.<\/p>\n<p data-start=\"586\" data-end=\"995\">Als Originalprodukt von RICOH garantiert dieser Toner maximale Zuverl\u00e4ssigkeit, ausgezeichnete Druckqualit\u00e4t und eine reibungslose Kompatibilit\u00e4t mit Ihrem Ger\u00e4t. Mit seiner hohen Reichweite ist er besonders wirtschaftlich und reduziert Ausfallzeiten durch seltenere Tonerwechsel. Unternehmen, die Wert auf professionelle Ausdrucke und langfristige Effizienz legen, treffen mit diesem Toner die richtige Wahl.<\/p>\n","protected":false},"excerpt":{"rendered":"<p data-start=\"137\" data-end=\"309\">Original RICOH MP C5501\/5000 Cyan Toner \u2013 f\u00fcr professionelle Farbausdrucke in leuchtendem Cyan. Ideal f\u00fcr hohe Druckanforderungen im B\u00fcroalltag.<\/p>\n","protected":false},"featured_media":2642,"template":"","meta":{"rank_math_lock_modified_date":false},"product_cat":[48],"product_tag":[],"class_list":{"0":"post-2644","1":"product","2":"type-product","3":"status-publish","4":"has-post-thumbnail","6":"product_cat-sonderverkauf","7":"product_shipping_class-versandkategorie-1","9":"first","10":"instock","11":"taxable","12":"shipping-taxable","13":"purchasable","14":"product-type-simple"},"_links":{"self":[{"href":"https:\/\/gebrauchtdrucker24.de\/de\/wp-json\/wp\/v2\/product\/2644","targetHints":{"allow":["GET"]}}],"collection":[{"href":"https:\/\/gebrauchtdrucker24.de\/de\/wp-json\/wp\/v2\/product"}],"about":[{"href":"https:\/\/gebrauchtdrucker24.de\/de\/wp-json\/wp\/v2\/types\/product"}],"version-history":[{"count":3,"href":"https:\/\/gebrauchtdrucker24.de\/de\/wp-json\/wp\/v2\/product\/2644\/revisions"}],"predecessor-version":[{"id":2650,"href":"https:\/\/gebrauchtdrucker24.de\/de\/wp-json\/wp\/v2\/product\/2644\/revisions\/2650"}],"wp:featuredmedia":[{"embeddable":true,"href":"https:\/\/gebrauchtdrucker24.de\/de\/wp-json\/wp\/v2\/media\/2642"}],"wp:attachment":[{"href":"https:\/\/gebrauchtdrucker24.de\/de\/wp-json\/wp\/v2\/media?parent=2644"}],"wp:term":[{"taxonomy":"product_cat","embeddable":true,"href":"https:\/\/gebrauchtdrucker24.de\/de\/wp-json\/wp\/v2\/product_cat?post=2644"},{"taxonomy":"product_tag","embeddable":true,"href":"https:\/\/gebrauchtdrucker24.de\/de\/wp-json\/wp\/v2\/product_tag?post=2644"}],"curies":[{"name":"wp","href":"https:\/\/api.w.org\/{rel}","templated":true}]}}