{"id":2646,"date":"2025-05-24T07:55:22","date_gmt":"2025-05-24T07:55:22","guid":{"rendered":"https:\/\/gebrauchtdrucker24.de\/?post_type=product&#038;p=2646"},"modified":"2025-05-24T10:01:32","modified_gmt":"2025-05-24T10:01:32","slug":"original-ricoh-mp-c5502-c3502-gelb","status":"publish","type":"product","link":"https:\/\/gebrauchtdrucker24.de\/de\/product\/original-ricoh-mp-c5502-c3502-gelb\/","title":{"rendered":"Original RICOH MP C5502\/C3502 Gelb"},"content":{"rendered":"<p data-start=\"287\" data-end=\"588\">Der Original RICOH MP C5502\/C3502 Gelb Toner wurde speziell f\u00fcr die Farb-Multifunktionsger\u00e4te der Serien MP C5502 und MP C3502 entwickelt. Er garantiert gestochen scharfe Ausdrucke mit leuchtenden Gelbt\u00f6nen und sorgt f\u00fcr eine zuverl\u00e4ssige und langlebige Druckqualit\u00e4t.<\/p>\n<p data-start=\"590\" data-end=\"909\">Dieser Originaltoner bietet optimale Kompatibilit\u00e4t, eine einfache Handhabung beim Austausch und eine hohe Ergiebigkeit. Er eignet sich ideal f\u00fcr Unternehmen, die auf Qualit\u00e4t, Wirtschaftlichkeit und farbintensive Drucke angewiesen sind. Mit diesem Toner erhalten Sie klare, professionelle Ergebnisse, die beeindrucken.<\/p>\n","protected":false},"excerpt":{"rendered":"<p data-start=\"137\" data-end=\"309\">Original RICOH MP C5502\/C3502 Gelb Toner \u2013 f\u00fcr brillante und klare Gelbdrucke. Perfekt f\u00fcr professionelle Farbdrucke im B\u00fcro und Gewerbe.<\/p>\n","protected":false},"featured_media":2647,"template":"","meta":{"rank_math_lock_modified_date":false},"product_cat":[48],"product_tag":[],"class_list":{"0":"post-2646","1":"product","2":"type-product","3":"status-publish","4":"has-post-thumbnail","6":"product_cat-sonderverkauf","7":"product_shipping_class-versandkategorie-1","9":"first","10":"instock","11":"taxable","12":"shipping-taxable","13":"purchasable","14":"product-type-simple"},"_links":{"self":[{"href":"https:\/\/gebrauchtdrucker24.de\/de\/wp-json\/wp\/v2\/product\/2646","targetHints":{"allow":["GET"]}}],"collection":[{"href":"https:\/\/gebrauchtdrucker24.de\/de\/wp-json\/wp\/v2\/product"}],"about":[{"href":"https:\/\/gebrauchtdrucker24.de\/de\/wp-json\/wp\/v2\/types\/product"}],"version-history":[{"count":3,"href":"https:\/\/gebrauchtdrucker24.de\/de\/wp-json\/wp\/v2\/product\/2646\/revisions"}],"predecessor-version":[{"id":2657,"href":"https:\/\/gebrauchtdrucker24.de\/de\/wp-json\/wp\/v2\/product\/2646\/revisions\/2657"}],"wp:featuredmedia":[{"embeddable":true,"href":"https:\/\/gebrauchtdrucker24.de\/de\/wp-json\/wp\/v2\/media\/2647"}],"wp:attachment":[{"href":"https:\/\/gebrauchtdrucker24.de\/de\/wp-json\/wp\/v2\/media?parent=2646"}],"wp:term":[{"taxonomy":"product_cat","embeddable":true,"href":"https:\/\/gebrauchtdrucker24.de\/de\/wp-json\/wp\/v2\/product_cat?post=2646"},{"taxonomy":"product_tag","embeddable":true,"href":"https:\/\/gebrauchtdrucker24.de\/de\/wp-json\/wp\/v2\/product_tag?post=2646"}],"curies":[{"name":"wp","href":"https:\/\/api.w.org\/{rel}","templated":true}]}}