{"id":2660,"date":"2025-05-24T09:31:58","date_gmt":"2025-05-24T09:31:58","guid":{"rendered":"https:\/\/gebrauchtdrucker24.de\/?post_type=product&#038;p=2660"},"modified":"2025-05-24T11:12:50","modified_gmt":"2025-05-24T11:12:50","slug":"original-ricoh-mp-c5502-c3502-cyan","status":"publish","type":"product","link":"https:\/\/gebrauchtdrucker24.de\/de\/product\/original-ricoh-mp-c5502-c3502-cyan\/","title":{"rendered":"Original RICOH MP C5502\/C3502 Cyan"},"content":{"rendered":"<p data-start=\"307\" data-end=\"601\">Der Original RICOH MP C5502\/C3502 Cyan Toner wurde speziell f\u00fcr die Farb-Multifunktionsger\u00e4te der Serien MP C5502 und MP C3502 entwickelt. Er liefert gleichbleibend hochwertige Druckergebnisse mit intensiven Cyanfarben und sorgt f\u00fcr klare, brillante Farbdrucke.<\/p>\n<p data-start=\"603\" data-end=\"904\">Mit diesem Originaltoner profitieren Sie von optimaler Kompatibilit\u00e4t, einer einfachen Handhabung beim Austausch und einer langen Lebensdauer der Kartusche. Er ist besonders wirtschaftlich und eignet sich bestens f\u00fcr Unternehmen mit hohem Druckvolumen, die auf Qualit\u00e4t und Zuverl\u00e4ssigkeit Wert legen.<\/p>\n","protected":false},"excerpt":{"rendered":"<p data-start=\"137\" data-end=\"309\">Original RICOH MP C5502\/C3502 Cyan Toner \u2013 f\u00fcr brillante und gestochen scharfe Ausdrucke in sattem Cyan. Ideal f\u00fcr professionelle Farbdrucke im B\u00fcro.<\/p>\n","protected":false},"featured_media":2662,"template":"","meta":{"rank_math_lock_modified_date":false},"product_cat":[48],"product_tag":[],"class_list":{"0":"post-2660","1":"product","2":"type-product","3":"status-publish","4":"has-post-thumbnail","6":"product_cat-sonderverkauf","7":"product_shipping_class-versandkategorie-1","9":"first","10":"instock","11":"taxable","12":"shipping-taxable","13":"purchasable","14":"product-type-simple"},"_links":{"self":[{"href":"https:\/\/gebrauchtdrucker24.de\/de\/wp-json\/wp\/v2\/product\/2660","targetHints":{"allow":["GET"]}}],"collection":[{"href":"https:\/\/gebrauchtdrucker24.de\/de\/wp-json\/wp\/v2\/product"}],"about":[{"href":"https:\/\/gebrauchtdrucker24.de\/de\/wp-json\/wp\/v2\/types\/product"}],"version-history":[{"count":1,"href":"https:\/\/gebrauchtdrucker24.de\/de\/wp-json\/wp\/v2\/product\/2660\/revisions"}],"predecessor-version":[{"id":2661,"href":"https:\/\/gebrauchtdrucker24.de\/de\/wp-json\/wp\/v2\/product\/2660\/revisions\/2661"}],"wp:featuredmedia":[{"embeddable":true,"href":"https:\/\/gebrauchtdrucker24.de\/de\/wp-json\/wp\/v2\/media\/2662"}],"wp:attachment":[{"href":"https:\/\/gebrauchtdrucker24.de\/de\/wp-json\/wp\/v2\/media?parent=2660"}],"wp:term":[{"taxonomy":"product_cat","embeddable":true,"href":"https:\/\/gebrauchtdrucker24.de\/de\/wp-json\/wp\/v2\/product_cat?post=2660"},{"taxonomy":"product_tag","embeddable":true,"href":"https:\/\/gebrauchtdrucker24.de\/de\/wp-json\/wp\/v2\/product_tag?post=2660"}],"curies":[{"name":"wp","href":"https:\/\/api.w.org\/{rel}","templated":true}]}}